{"id":2518,"date":"2014-11-05T11:39:01","date_gmt":"2014-11-05T09:39:01","guid":{"rendered":"http:\/\/www.narodnaosvita.kiev.ua\/?page_id=2518"},"modified":"2016-05-25T07:42:42","modified_gmt":"2016-05-25T05:42:42","slug":"mazin-vasil-mikolajovich","status":"publish","type":"page","link":"https:\/\/www.narodnaosvita.kiev.ua\/?page_id=2518","title":{"rendered":"\u041c\u0410\u0417\u0406\u041d \u0412\u0430\u0441\u0438\u043b\u044c \u041c\u0438\u043a\u043e\u043b\u0430\u0439\u043e\u0432\u0438\u0447"},"content":{"rendered":"<p style=\"text-align: justify;\">\n\t<img decoding=\"async\" alt=\"\" src=\"https:\/\/www.narodnaosvita.kiev.ua\/wp-content\/uploads\/file\/64.jpg\" style=\"width: 150px; height: 185px; border-width: 0px; border-style: solid; margin-left: 10px; margin-right: 10px; float: left;\" \/>\u0412\u0430\u0441\u0438\u043b\u044c \u041c\u0438\u043a\u043e\u043b\u0430\u0439\u043e\u0432\u0438\u0447 \u041c\u0430\u0437\u0456\u043d &ndash; \u0434\u043e\u043a\u0442\u043e\u0440\u0430\u043d\u0442 \u043a\u0430\u0444\u0435\u0434\u0440\u0438 \u0442\u0435\u043e\u0440\u0456\u0457 \u0456 \u043c\u0435\u0442\u043e\u0434\u0438\u043a\u0438 \u0444\u0456\u0437\u0438\u0447\u043d\u043e\u0433\u043e \u0432\u0438\u0445\u043e\u0432\u0430\u043d\u043d\u044f \u041b\u0443\u0433\u0430\u043d\u0441\u044c\u043a\u043e\u0433\u043e \u043d\u0430\u0446\u0456\u043e\u043d\u0430\u043b\u044c\u043d\u043e\u0433\u043e \u0443\u043d\u0456\u0432\u0435\u0440\u0441\u0438\u0442\u0435\u0442\u0443 \u0456\u043c\u0435\u043d\u0456 \u0422\u0430\u0440\u0430\u0441\u0430 \u0428\u0435\u0432\u0447\u0435\u043d\u043a\u0430, \u043a\u0430\u043d\u0434\u0438\u0434\u0430\u0442 \u043f\u0435\u0434\u0430\u0433\u043e\u0433\u0456\u0447\u043d\u0438\u0445 \u043d\u0430\u0443\u043a, \u0434\u043e\u0446\u0435\u043d\u0442.\n<\/p>\n<p style=\"text-align: justify;\">\n\t\u041a\u043e\u043b\u043e \u043d\u0430\u0443\u043a\u043e\u0432\u0438\u0445 \u0456\u043d\u0442\u0435\u0440\u0435\u0441\u0456\u0432: \u0444\u0430\u0445\u043e\u0432\u0430 \u043f\u0456\u0434\u0433\u043e\u0442\u043e\u0432\u043a\u0430 \u043c\u0430\u0439\u0431\u0443\u0442\u043d\u0456\u0445 \u0443\u0447\u0438\u0442\u0435\u043b\u0456\u0432 \u0444\u0456\u0437\u0438\u0447\u043d\u043e\u0433\u043e \u0432\u0438\u0445\u043e\u0432\u0430\u043d\u043d\u044f&nbsp; \u0456 \u0442\u0440\u0435\u043d\u0435\u0440\u0456\u0432, \u043e\u0440\u0433\u0430\u043d\u0456\u0437\u0430\u0446\u0456\u044f \u0432\u0438\u0445\u043e\u0432\u043d\u043e\u0433\u043e \u043f\u0440\u043e\u0446\u0435\u0441\u0443 \u0432 \u0414\u042e\u0421\u0428.\n<\/p>\n<p style=\"text-align: justify;\">\n\t\u0410\u0432\u0442\u043e\u0440\u0441\u044c\u043a\u0456 \u043f\u0443\u0431\u043b\u0456\u043a\u0430\u0446\u0456\u0457 \u0442\u0430 \u0432\u0438\u0434\u0430\u043d\u043d\u044f \u0437\u0430 \u043e\u0441\u0442\u0430\u043d\u043d\u0456 5 \u0440\u043e\u043a\u0456\u0432:\n<\/p>\n<ol>\n<li style=\"text-align: justify;\">\n\t\t\u041c\u0430\u0437\u0438\u043d \u0412.\u041d. \u041a\u043e\u043d\u0446\u0435\u043f\u0446\u0438\u044f&nbsp; \u0444\u043e\u0440\u043c\u0438\u0440\u043e\u0432\u0430\u043d\u0438\u044f \u043e\u043b\u0438\u043c\u043f\u0438\u0439\u0441\u043a\u043e\u0439 \u043a\u0443\u043b\u044c\u0442\u0443\u0440\u044b \u0432 \u0434\u0435\u0442\u0441\u043a\u043e-\u044e\u043d\u043e\u0448\u0435\u0441\u043a\u043e\u0439 \u0441\u043f\u043e\u0440\u0442\u0438\u0432\u043d\u043e\u0439 \u0448\u043a\u043e\u043b\u0435 \/\/ \u0414\u0443\u0445\u043e\u0432\u043d\u043e-\u0444\u0438\u0437\u0438\u0447\u0435\u0441\u043a\u043e\u0435 \u0432\u043e\u0441\u043f\u0438\u0442\u0430\u043d\u0438\u0435 \u043b\u0438\u0447\u043d\u043e\u0441\u0442\u0438 \u0432 \u043e\u0431\u0440\u0430\u0437\u043e\u0432\u0430\u0442\u0435\u043b\u044c\u043d\u043e\u043c \u043f\u0440\u043e\u0441\u0442\u0440\u0430\u043d\u0441\u0442\u0432\u0435 \u0444\u0438\u0437\u0438\u0447\u0435\u0441\u043a\u043e\u0439 \u043a\u0443\u043b\u044c\u0442\u0443\u0440\u044b : \u043c\u043e\u043d\u043e\u0433\u0440\u0430\u0444\u0438\u044f \/ [\u0430\u0432\u0442. \u043a\u043e\u043b. \u041e.\u0415.&nbsp;\u0410\u0444\u0442\u0438\u043c\u0438\u0447\u0443\u043a, \u0415.\u0415. \u0417\u0430\u043a\u043e\u043b\u043e\u0434\u043d\u0430\u044f, \u0412.\u041d. \u041c\u0430\u0437\u0438\u043d \u0438 \u0434\u0440.] \/ \u043f\u043e\u0434. \u0440\u0435\u0434. \u0422.\u0422. \u0420\u043e\u0442\u0435\u0440\u0441. &ndash; \u041b\u0443\u0433\u0430\u043d\u0441\u043a : \u0418\u0437\u0434. \u0413\u0423 &quot;\u041d\u0423 \u0438\u043c\u0435\u043d\u0438 \u0422\u0430\u0440\u0430\u0441\u0430 \u0428\u0435\u0432\u0447\u0435\u043d\u043a\u043e&quot;, 2013. &ndash; \u0421. 352&ndash;383.\n\t<\/li>\n<li style=\"text-align: justify;\">\n\t\t\u041c\u0430\u0437\u0456\u043d \u0412.\u041c. \u041f\u0440\u043e\u0446\u0435\u0441\u0443\u0430\u043b\u044c\u043d\u043e-\u043c\u0435\u0442\u043e\u0434\u043e\u043b\u043e\u0433\u0456\u0447\u043d\u0430 \u0441\u0445\u0435\u043c\u0430 \u0434\u043e\u0441\u043b\u0456\u0434\u0436\u0435\u043d\u043d\u044f \u043f\u0440\u043e\u0431\u043b\u0435\u043c\u0438 \u043e\u0440\u0433\u0430\u043d\u0456\u0437\u0430\u0446\u0456\u0457 \u0432\u0438\u0445\u043e\u0432\u043d\u043e\u0433\u043e \u043f\u0440\u043e\u0446\u0435\u0441\u0443 \u0443 \u0434\u0438\u0442\u044f\u0447\u043e-\u044e\u043d\u0430\u0446\u044c\u043a\u0438\u0445 \u0441\u043f\u043e\u0440\u0442\u0438\u0432\u043d\u0438\u0445 \u0448\u043a\u043e\u043b\u0430\u0445 \/ \u0412.\u041c.&nbsp;\u041c\u0430\u0437\u0456\u043d \/\/ \u0412\u0456\u0441\u043d\u0438\u043a \u041b\u0443\u0433\u0430\u043d\u0441\u044c\u043a\u043e\u0433\u043e \u043d\u0430\u0446\u0456\u043e\u043d\u0430\u043b\u044c\u043d\u043e\u0433\u043e \u0443\u043d\u0456\u0432\u0435\u0440\u0441\u0438\u0442\u0435\u0442\u0443 \u0456\u043c\u0435\u043d\u0456 \u0422\u0430\u0440\u0430\u0441\u0430 \u0428\u0435\u0432\u0447\u0435\u043d\u043a\u0430. &ndash; 2013. &ndash; \u2116 8 (267). &ndash; (\u0421\u0435\u0440\u0456\u044f &quot;\u041f\u0435\u0434\u0430\u0433\u043e\u0433\u0456\u0447\u043d\u0456 \u043d\u0430\u0443\u043a\u0438&quot;). &ndash; \u0427\u0430\u0441\u0442\u0438\u043d\u0430 1. &ndash; \u0421.&nbsp;138&ndash;145.\n\t<\/li>\n<li style=\"text-align: justify;\">\n\t\t\u041c\u0430\u0437\u0456\u043d \u0412.\u041c. \u0425\u0430\u0440\u0430\u043a\u0442\u0435\u0440\u0438\u0441\u0442\u0438\u043a\u0430 \u043d\u0430\u0443\u043a\u043e\u0432\u0438\u0445 \u043f\u0456\u0434\u0445\u043e\u0434\u0456\u0432 \u0434\u043e \u0432\u0438\u0445\u043e\u0432\u0430\u043d\u043d\u044f \u0434\u0456\u0442\u0435\u0439 \u0442\u0430 \u043f\u0456\u0434\u043b\u0456\u0442\u043a\u0456\u0432 \u0443 \u0434\u0438\u0442\u044f\u0447\u043e-\u044e\u043d\u0430\u0446\u044c\u043a\u0438\u0445 \u0441\u043f\u043e\u0440\u0442\u0438\u0432\u043d\u0438\u0445 \u0448\u043a\u043e\u043b\u0430\u0445 \/ \u0412.\u041c. \u041c\u0430\u0437\u0456\u043d \/\/ \u041f\u0435\u0434\u0430\u0433\u043e\u0433\u0456\u043a\u0430, \u043f\u0441\u0438\u0445\u043e\u043b\u043e\u0433\u0456\u044f \u0442\u0430 \u043c\u0435\u0434\u0438\u043a\u043e-\u0431\u0456\u043e\u043b\u043e\u0433\u0456\u0447\u043d\u0456 \u043f\u0440\u043e\u0431\u043b\u0435\u043c\u0438 \u0444\u0456\u0437\u0438\u0447\u043d\u043e\u0433\u043e \u0432\u0438\u0445\u043e\u0432\u0430\u043d\u043d\u044f \u0456 \u0441\u043f\u043e\u0440\u0442\u0443. &ndash; 2013. &ndash; \u2116 6. &ndash; \u0421. 30&ndash;36.\n\t<\/li>\n<li style=\"text-align: justify;\">\n\t\t\u041c\u0430\u0437\u0438\u043d \u0412. \u0420\u0435\u0439\u0442\u0438\u043d\u0433 \u043c\u043e\u0442\u0438\u0432\u043e\u0432 \u0441\u043f\u043e\u0440\u0442\u0438\u0432\u043d\u043e\u0439 \u0434\u0435\u044f\u0442\u0435\u043b\u044c\u043d\u043e\u0441\u0442\u0438 \u0432\u043e\u0441\u043f\u0438\u0442\u0430\u043d\u043d\u0438\u043a\u043e\u0432 \u0414\u042e\u0421\u0428 \/ \u0412.&nbsp;\u041c\u0430\u0437\u0438\u043d \/\/ \u015etiin\u0163a culturii fizice: Preg\u0103tire profesional\u0103, antrenament sportiv, educa\u0163ie fizic\u0103, recuperare, recrea\u0163ie. &ndash; Ch.: USEFS, 2013. &ndash; Nr. 14\/2. &ndash; \u0420.&nbsp;54&ndash;62.\n\t<\/li>\n<li style=\"text-align: justify;\">\n\t\t\u041c\u0430\u0437\u0438\u043d \u0412.\u041d. \u041e\u0442\u043d\u043e\u0448\u0435\u043d\u0438\u0435 \u0440\u043e\u0434\u0438\u0442\u0435\u043b\u0435\u0439 \u043a \u0432\u043e\u0441\u043f\u0438\u0442\u0430\u043d\u0438\u044e \u0434\u0435\u0442\u0435\u0439 \u0432 \u0414\u042e\u0421\u0428 \/ \u0412.&nbsp;\u041d.&nbsp;\u041c\u0430\u0437\u0438\u043d \/\/ \u041f\u0435\u0434\u0430\u0433\u043e\u0433\u0456\u043a\u0430, \u043f\u0441\u0438\u0445\u043e\u043b\u043e\u0433\u0456\u044f \u0442\u0430 \u043c\u0435\u0434\u0438\u043a\u043e-\u0431\u0456\u043e\u043b\u043e\u0433\u0456\u0447\u043d\u0456 \u043f\u0440\u043e\u0431\u043b\u0435\u043c\u0438 \u0444\u0456\u0437\u0438\u0447\u043d\u043e\u0433\u043e \u0432\u0438\u0445\u043e\u0432\u0430\u043d\u043d\u044f \u0456 \u0441\u043f\u043e\u0440\u0442\u0443. &ndash; 2014. &ndash; \u2116 10. &ndash; \u0421. 13&ndash;17.\n\t<\/li>\n<\/ol>\n","protected":false},"excerpt":{"rendered":"<p>\u0412\u0430\u0441\u0438\u043b\u044c \u041c\u0438\u043a\u043e\u043b\u0430\u0439\u043e\u0432\u0438\u0447 \u041c\u0430\u0437\u0456\u043d &ndash; \u0434\u043e\u043a\u0442\u043e\u0440\u0430\u043d\u0442 \u043a\u0430\u0444\u0435\u0434\u0440\u0438 \u0442\u0435\u043e\u0440\u0456\u0457 \u0456 \u043c\u0435\u0442\u043e\u0434\u0438\u043a\u0438 \u0444\u0456\u0437\u0438\u0447\u043d\u043e\u0433\u043e \u0432\u0438\u0445\u043e\u0432\u0430\u043d\u043d\u044f \u041b\u0443\u0433\u0430\u043d\u0441\u044c\u043a\u043e\u0433\u043e \u043d\u0430\u0446\u0456\u043e\u043d\u0430\u043b\u044c\u043d\u043e\u0433\u043e \u0443\u043d\u0456\u0432\u0435\u0440\u0441\u0438\u0442\u0435\u0442\u0443 \u0456\u043c\u0435\u043d\u0456 \u0422\u0430\u0440\u0430\u0441\u0430 \u0428\u0435\u0432\u0447\u0435\u043d\u043a\u0430, \u043a\u0430\u043d\u0434\u0438\u0434\u0430\u0442 \u043f\u0435\u0434\u0430\u0433\u043e\u0433\u0456\u0447\u043d\u0438\u0445 \u043d\u0430\u0443\u043a, \u0434\u043e\u0446\u0435\u043d\u0442. \u041a\u043e\u043b\u043e \u043d\u0430\u0443\u043a\u043e\u0432\u0438\u0445 \u0456\u043d\u0442\u0435\u0440\u0435\u0441\u0456\u0432: \u0444\u0430\u0445\u043e\u0432\u0430 \u043f\u0456\u0434\u0433\u043e\u0442\u043e\u0432\u043a\u0430 \u043c\u0430\u0439\u0431\u0443\u0442\u043d\u0456\u0445 \u0443\u0447\u0438\u0442\u0435\u043b\u0456\u0432 \u0444\u0456\u0437\u0438\u0447\u043d\u043e\u0433\u043e \u0432\u0438\u0445\u043e\u0432\u0430\u043d\u043d\u044f&nbsp; \u0456 \u0442\u0440\u0435\u043d\u0435\u0440\u0456\u0432, \u043e\u0440\u0433\u0430\u043d\u0456\u0437\u0430\u0446\u0456\u044f \u0432\u0438\u0445\u043e\u0432\u043d\u043e\u0433\u043e \u043f\u0440\u043e\u0446\u0435\u0441\u0443 \u0432 \u0414\u042e\u0421\u0428. \u0410\u0432\u0442\u043e\u0440\u0441\u044c\u043a\u0456 \u043f\u0443\u0431\u043b\u0456\u043a\u0430\u0446\u0456\u0457 \u0442\u0430 \u0432\u0438\u0434\u0430\u043d\u043d\u044f \u0437\u0430 \u043e\u0441\u0442\u0430\u043d\u043d\u0456 5 \u0440\u043e\u043a\u0456\u0432: \u041c\u0430\u0437\u0438\u043d \u0412.\u041d. \u041a\u043e\u043d\u0446\u0435\u043f\u0446\u0438\u044f&nbsp; \u0444\u043e\u0440\u043c\u0438\u0440\u043e\u0432\u0430\u043d\u0438\u044f \u043e\u043b\u0438\u043c\u043f\u0438\u0439\u0441\u043a\u043e\u0439 \u043a\u0443\u043b\u044c\u0442\u0443\u0440\u044b \u0432 \u0434\u0435\u0442\u0441\u043a\u043e-\u044e\u043d\u043e\u0448\u0435\u0441\u043a\u043e\u0439 \u0441\u043f\u043e\u0440\u0442\u0438\u0432\u043d\u043e\u0439 \u0448\u043a\u043e\u043b\u0435 &hellip; <\/p>\n<p><a class=\"more-link btn\" href=\"https:\/\/www.narodnaosvita.kiev.ua\/?page_id=2518\">Continue reading<\/a><\/p>\n","protected":false},"author":2,"featured_media":3236,"parent":242,"menu_order":0,"comment_status":"closed","ping_status":"closed","template":"","meta":{"footnotes":""},"class_list":["post-2518","page","type-page","status-publish","has-post-thumbnail","hentry","nodate","item-wrap"],"_links":{"self":[{"href":"https:\/\/www.narodnaosvita.kiev.ua\/index.php?rest_route=\/wp\/v2\/pages\/2518","targetHints":{"allow":["GET"]}}],"collection":[{"href":"https:\/\/www.narodnaosvita.kiev.ua\/index.php?rest_route=\/wp\/v2\/pages"}],"about":[{"href":"https:\/\/www.narodnaosvita.kiev.ua\/index.php?rest_route=\/wp\/v2\/types\/page"}],"author":[{"embeddable":true,"href":"https:\/\/www.narodnaosvita.kiev.ua\/index.php?rest_route=\/wp\/v2\/users\/2"}],"replies":[{"embeddable":true,"href":"https:\/\/www.narodnaosvita.kiev.ua\/index.php?rest_route=%2Fwp%2Fv2%2Fcomments&post=2518"}],"version-history":[{"count":1,"href":"https:\/\/www.narodnaosvita.kiev.ua\/index.php?rest_route=\/wp\/v2\/pages\/2518\/revisions"}],"predecessor-version":[{"id":4056,"href":"https:\/\/www.narodnaosvita.kiev.ua\/index.php?rest_route=\/wp\/v2\/pages\/2518\/revisions\/4056"}],"up":[{"embeddable":true,"href":"https:\/\/www.narodnaosvita.kiev.ua\/index.php?rest_route=\/wp\/v2\/pages\/242"}],"wp:featuredmedia":[{"embeddable":true,"href":"https:\/\/www.narodnaosvita.kiev.ua\/index.php?rest_route=\/wp\/v2\/media\/3236"}],"wp:attachment":[{"href":"https:\/\/www.narodnaosvita.kiev.ua\/index.php?rest_route=%2Fwp%2Fv2%2Fmedia&parent=2518"}],"curies":[{"name":"wp","href":"https:\/\/api.w.org\/{rel}","templated":true}]}}