{"id":2690,"date":"2015-02-24T13:54:18","date_gmt":"2015-02-24T11:54:18","guid":{"rendered":"http:\/\/www.narodnaosvita.kiev.ua\/?page_id=2690"},"modified":"2017-05-24T09:29:24","modified_gmt":"2017-05-24T07:29:24","slug":"demeshkant-nataliya-andri%d1%97vna","status":"publish","type":"page","link":"https:\/\/www.narodnaosvita.kiev.ua\/?page_id=2690","title":{"rendered":"\u0414\u0415\u041c\u0415\u0428\u041a\u0410\u041d\u0422 \u041d\u0430\u0442\u0430\u043b\u0456\u044f \u0410\u043d\u0434\u0440\u0456\u0457\u0432\u043d\u0430"},"content":{"rendered":"<p style=\"text-align: justify;\">\n\t<a href=\"https:\/\/www.narodnaosvita.kiev.ua\/wp-content\/uploads\/2015\/02\/79.jpg\"><img decoding=\"async\" alt=\"79\" src=\"https:\/\/www.narodnaosvita.kiev.ua\/wp-content\/uploads\/2015\/02\/79.jpg\" style=\"margin: 10px 20px; float: left;\" \/><\/a>\u041d\u0430\u0442\u0430\u043b\u0456\u044f \u0410\u043d\u0434\u0440\u0456\u0457\u0432\u043d\u0430 \u0414\u0415\u041c\u0415\u0428\u041a\u0410\u041d\u0422 &ndash; \u043f\u0440\u043e\u0444\u0435\u0441\u043e\u0440 \u043a\u0430\u0444\u0435\u0434\u0440\u0438 \u0456\u043d\u043d\u043e\u0432\u0430\u0446\u0456\u0439\u043d\u043e\u0457 \u0434\u0456\u044f\u043b\u044c\u043d\u043e\u0441\u0442\u0456 \u0432 \u0430\u0433\u0440\u043e\u043f\u0440\u043e\u043c\u0438\u0441\u043b\u043e\u0432\u043e\u043c\u0443 \u043a\u043e\u043c\u043f\u043b\u0435\u043a\u0441\u0456 \u041d\u0430\u0446\u0456\u043e\u043d\u0430\u043b\u044c\u043d\u043e\u0433\u043e \u0443\u043d\u0456\u0432\u0435\u0440\u0441\u0438\u0442\u0435\u0442\u0443 \u0431\u0456\u043e\u0440\u0435\u0441\u0443\u0440\u0441\u0456\u0432 \u0456 \u043f\u0440\u0438\u0440\u043e\u0434\u043e\u043a\u043e\u0440\u0438\u0441\u0442\u0443\u0432\u0430\u043d\u043d\u044f \u0423\u043a\u0440\u0430\u0457\u043d\u0438, \u0434\u043e\u043a\u0442\u043e\u0440 \u043f\u0435\u0434\u0430\u0433\u043e\u0433\u0456\u0447\u043d\u0438\u0445 \u043d\u0430\u0443\u043a, \u0434\u043e\u0446\u0435\u043d\u0442.\n<\/p>\n<p style=\"text-align: justify;\">\n\t\u041a\u043e\u043b\u043e \u043d\u0430\u0443\u043a\u043e\u0432\u0438\u0445 \u0456\u043d\u0442\u0435\u0440\u0435\u0441\u0456\u0432: \u0435\u043a\u043e\u043b\u043e\u0433\u0456\u0447\u043d\u0430 \u043e\u0441\u0432\u0456\u0442\u0430 \u043c\u0430\u0439\u0431\u0443\u0442\u043d\u0456\u0445 \u0444\u0430\u0445\u0456\u0432\u0446\u0456\u0432 \u0430\u0433\u0440\u0430\u0440\u043d\u043e\u0457 \u0433\u0430\u043b\u0443\u0437\u0456 \u0432 \u0423\u043a\u0440\u0430\u0457\u043d\u0456 \u0442\u0430 \u0437\u0430 \u043a\u043e\u0440\u0434\u043e\u043d\u043e\u043c, \u043f\u0440\u043e\u0444\u0435\u0441\u0456\u0439\u043d\u0438\u0439 \u0440\u043e\u0437\u0432\u0438\u0442\u043e\u043a \u043d\u0430\u0443\u043a\u043e\u0432\u043e-\u043f\u0435\u0434\u0430\u0433\u043e\u0433\u0456\u0447\u043d\u0438\u0445 \u043f\u0440\u0430\u0446\u0456\u0432\u043d\u0438\u043a\u0456\u0432.\n<\/p>\n<p style=\"text-align: justify;\">\n\t\u041d\u0430\u0442\u0430\u043b\u0456\u044f \u0410\u043d\u0434\u0440\u0456\u0457\u0432\u043d\u0430 &ndash; \u0430\u0432\u0442\u043e\u0440 \u0442\u0430\u043a\u0438\u0445 \u043f\u0443\u0431\u043b\u0456\u043a\u0430\u0446\u0456\u0439 \u0456 \u0432\u0438\u0434\u0430\u043d\u044c \u0437\u0430 \u043e\u0441\u0442\u0430\u043d\u043d\u0456 5 \u0440\u043e\u043a\u0456\u0432:\n<\/p>\n<ol>\n<li style=\"text-align: justify;\">\n\t\t\u0414\u0435\u043c\u0435\u0448\u043a\u0430\u043d\u0442 \u041d.\u0410. \u0415\u043a\u043e\u043b\u043e\u0433\u0456\u0447\u043d\u0430 \u043e\u0441\u0432\u0456\u0442\u0430 \u043c\u0430\u0439\u0431\u0443\u0442\u043d\u0456\u0445 \u0444\u0430\u0445\u0456\u0432\u0446\u0456\u0432 \u0430\u0433\u0440\u0430\u0440\u043d\u043e\u0457 \u0433\u0430\u043b\u0443\u0437\u0456 \u0432 \u0443\u043d\u0456\u0432\u0435\u0440\u0441\u0438\u0442\u0435\u0442\u0430\u0445 \u041f\u043e\u043b\u044c\u0449\u0456 : \u0442\u0435\u043e\u0440\u0435\u0442\u0438\u0447\u043d\u0456 \u0456 \u043c\u0435\u0442\u043e\u0434\u0438\u0447\u043d\u0456 \u0437\u0430\u0441\u0430\u0434\u0438 : \u043c\u043e\u043d\u043e\u0433\u0440\u0430\u0444\u0456\u044f \/ \u041d.\u0410.&nbsp;\u0414\u0435\u043c\u0435\u0448\u043a\u0430\u043d\u0442. &ndash; \u0425\u0435\u0440\u0441\u043e\u043d : \u0413\u0440\u0456\u043d\u044c \u0414.\u0421., 2012. &ndash; 500 \u0441.\n\t<\/li>\n<li style=\"text-align: justify;\">\n\t\tDemeshkant N. \u015awiadomo\u015b\u0107 \u015brodowiskowa student&oacute;w wy\u017cszych uczelni rolniczych Polski i Ukrainy oraz ich gotowo\u015b\u0107 do podejmowania proekologicznych dzia\u0142a\u0144 zawodowych: \u043conografia \/ N. Demeshkant. &ndash; Wroc\u0142aw : Wyd. UP, 2011. &ndash; 192 s.\n\t<\/li>\n<li style=\"text-align: justify;\">\n\t\t\u0414\u0435\u043c\u0435\u0448\u043a\u0430\u043d\u0442 \u041d.\u0410. \u0415\u043a\u043e\u043b\u043e\u0433\u0456\u0447\u043d\u0430 \u0441\u043a\u043b\u0430\u0434\u043e\u0432\u0430 \u043f\u0440\u043e\u0444\u0435\u0441\u0456\u0439\u043d\u043e\u0457 \u043f\u0456\u0434\u0433\u043e\u0442\u043e\u0432\u043a\u0438 \u0444\u0430\u0445\u0456\u0432\u0446\u0456\u0432-\u0430\u0433\u0440\u0430\u0440\u0456\u0457\u0432 \/ \u041d.\u0410. \u0414\u0435\u043c\u0435\u0448\u043a\u0430\u043d\u0442 \/\/ \u041d\u0430\u0443\u043a. \u0432\u0456\u0441\u043d\u0438\u043a \u041d\u0423\u0411\u0456\u041f \u0423\u043a\u0440\u0430\u0457\u043d\u0438. &ndash;&nbsp;&nbsp; \u041a., 2011. &ndash; (\u0421\u0435\u0440\u0456\u044f &quot;\u041f\u0435\u0434\u0430\u0433\u043e\u0433\u0456\u043a\u0430, \u043f\u0441\u0438\u0445\u043e\u043b\u043e\u0433\u0456\u044f, \u0444\u0456\u043b\u043e\u0441\u043e\u0444\u0456\u044f&quot;). &ndash; \u0412\u0438\u043f. 159. &ndash; \u0427. 4. &ndash; \u0421. 53&ndash;59.\n\t<\/li>\n<li style=\"text-align: justify;\">\n\t\t\u0414\u0435\u043c\u0435\u0448\u043a\u0430\u043d\u0442 \u041d.\u0410. \u0415\u043a\u043e\u043b\u043e\u0433\u0456\u0447\u043d\u0430 \u043e\u0441\u0432\u0456\u0442\u0430 \u0432 \u043a\u043e\u043d\u0442\u0435\u043a\u0441\u0442\u0456 \u0434\u043e\u0441\u043b\u0456\u0434\u0436\u0435\u043d\u044c \u043f\u043e\u043b\u044c\u0441\u044c\u043a\u0438\u0445 \u0443\u0447\u0435\u043d\u0438\u0445 \/ \u041d.\u0410. \u0414\u0435\u043c\u0435\u0448\u043a\u0430\u043d\u0442 \/\/ \u041d\u0430\u0443\u043a. \u0437\u0430\u043f\u0438\u0441\u043a\u0438 \u041d\u0456\u0436\u0438\u043d. \u0434\u0435\u0440\u0436. \u0443\u043d-\u0442\u0443 \u0456\u043c. \u041c. \u0413\u043e\u0433\u043e\u043b\u044f. &ndash;\u041d\u0456\u0436\u0438\u043d, 2012. &ndash; (\u0421\u0435\u0440\u0456\u044f &quot;\u041f\u0441\u0438\u0445\u043e\u043b\u043e\u0433\u043e-\u043f\u0435\u0434\u0430\u0433\u043e\u0433\u0456\u0447\u043d\u0456 \u043d\u0430\u0443\u043a\u0438&quot;). &ndash; \u2116&nbsp;1. &ndash; \u0421. 210&ndash;212.\n\t<\/li>\n<li style=\"text-align: justify;\">\n\t\t\u0414\u0435\u043c\u0435\u0448\u043a\u0430\u043d\u0442 \u041d.\u0410. \u041f\u043e\u0440\u0456\u0432\u043d\u044f\u043b\u044c\u043d\u0438\u0439 \u0430\u043d\u0430\u043b\u0456\u0437 \u043f\u0440\u043e\u0433\u0440\u0430\u043c \u043f\u0456\u0434\u0433\u043e\u0442\u043e\u0432\u043a\u0438 \u0431\u0430\u043a\u0430\u043b\u0430\u0432\u0440\u0456\u0432 \u0456 \u043c\u0430\u0433\u0456\u0441\u0442\u0440\u0456\u0432 \u0412\u0430\u0433\u0435\u043d\u0456\u043d\u0433\u0435\u043d\u0441\u044c\u043a\u043e\u0433\u043e \u0443\u043d\u0456\u0432\u0435\u0440\u0441\u0438\u0442\u0435\u0442\u0443 (\u041d\u0456\u0434\u0435\u0440\u043b\u0430\u043d\u0434\u0438) \u0442\u0430 \u041d\u0423\u0411\u0456\u041f \u0423\u043a\u0440\u0430\u0457\u043d\u0438 \/ \u041d.\u0410.&nbsp;\u0414\u0435\u043c\u0435\u0448\u043a\u0430\u043d\u0442, \u041b.\u041f. \u041a\u043b\u0456\u0445, \u0412.\u041f. \u041b\u0438\u0441\u0435\u043d\u043a\u043e \/\/ \u0412\u0438\u0449\u0430 \u0448\u043a\u043e\u043b\u0430. &ndash; 2012. &ndash; \u2116 7. &ndash; \u0421.&nbsp;19&ndash;30.\n\t<\/li>\n<li style=\"text-align: justify;\">\n\t\tDemeshkant N. Postawy pro\u015brodowiskowe jako wynik edukacji \/ N.&nbsp;Demeshkant \/\/ Komunikacja jako natz\u0119dzie (po)rozumienia we wsp&oacute;lnotach spo\u0142ecznych; red. nauk. A. Mitr\u0119ga, I. Jagoszewska. &ndash; Toru\u0144 : Wyd. Adam Marsza\u0142ek, 2011. &ndash; S.&nbsp;286&ndash;295.\n\t<\/li>\n<li style=\"text-align: justify;\">\n\t\tDemeshkant N. Comparative analysis (characteristics) of student&rsquo;s readiness to engage in environmental activities \/ N.&nbsp;Demeshkant \/\/ Science Society Didactics \/ scient. edit. K. Potyra\u0142a, E. Ro\u017cej-Pabijan. &ndash; Wyd. Zesp&oacute;\u0142 Poligraficzny Uniwersytetu Pedagogicznego w Krakowie, 2013. &ndash; S.&nbsp;186&ndash;197.\n\t<\/li>\n<li style=\"text-align: justify;\">\n\t\t\u0414\u0435\u043c\u0435\u0448\u043a\u0430\u043d\u0442 \u041d.\u0410. \u0415\u043a\u043e\u043b\u043e\u0433\u043e-\u043f\u0435\u0434\u0430\u0433\u043e\u0433\u0456\u0447\u043d\u0430 \u043a\u043e\u043c\u043f\u0435\u0442\u0435\u043d\u0442\u043d\u0456\u0441\u0442\u044c \u0432\u0438\u043a\u043b\u0430\u0434\u0430\u0447\u0430 \u0441\u0443\u0447\u0430\u0441\u043d\u043e\u0433\u043e \u0432\u0438\u0449\u043e\u0433\u043e \u043d\u0430\u0432\u0447\u0430\u043b\u044c\u043d\u043e\u0433\u043e \u0437\u0430\u043a\u043b\u0430\u0434\u0443 \u0432 \u0434\u043e\u0441\u043b\u0456\u0434\u0436\u0435\u043d\u043d\u044f\u0445 \u043f\u043e\u043b\u044c\u0441\u044c\u043a\u0438\u0445 \u0432\u0447\u0435\u043d\u0438\u0445 \/ \u0422\u0432\u043e\u0440\u0447\u0430 \u043e\u0441\u043e\u0431\u0438\u0441\u0442\u0456\u0441\u0442\u044c \u0443\u0447\u0438\u0442\u0435\u043b\u044f : \u043f\u0440\u043e\u0431\u043b\u0435\u043c\u0438 \u0442\u0435\u043e\u0440\u0456\u0457 \u0456 \u043f\u0440\u0430\u043a\u0442\u0438\u043a\u0438 : \u043d\u0430\u0443\u043a\u043e\u0432\u0438\u0439 \u0447\u0430\u0441\u043e\u043f\u0438\u0441 \u041d\u041f\u0423 \u0456\u043c.&nbsp;\u041c.\u041f.&nbsp;\u0414\u0440\u0430\u0433\u043e\u043c\u0430\u043d\u043e\u0432\u0430 \/ \u043a\u043e\u043b. \u0430\u0432\u0442. &ndash; \u041a. : \u041d\u0430\u0446\u0456\u043e\u043d\u0430\u043b\u044c\u043d\u0438\u0439 \u043f\u0435\u0434\u0430\u0433\u043e\u0433\u0456\u0447\u043d\u0438\u0439 \u0443\u043d\u0456\u0432\u0435\u0440\u0441\u0438\u0442\u0435\u0442 \u0456\u043c. \u041c.\u041f. \u0414\u0440\u0430\u0433\u043e\u043c\u0430\u043d\u043e\u0432\u0430, 2014. &ndash; (\u0421\u0435\u0440\u0456\u044f 16). &ndash; \u0412\u0438\u043f. 23 (33). &ndash; \u0421. 46&ndash;49.\n\t<\/li>\n<li style=\"text-align: justify;\">\n\t\t\u0414\u0435\u043c\u0435\u0448\u043a\u0430\u043d\u0442 \u041d.\u0410. \u0420\u043e\u043b\u044c \u041d\u0430\u0446\u0456\u043e\u043d\u0430\u043b\u044c\u043d\u043e\u0457 \u0421\u0442\u0440\u0430\u0442\u0435\u0433\u0456\u0457 \u0441\u0442\u0430\u043b\u043e\u0433\u043e \u0440\u043e\u0437\u0432\u0438\u0442\u043a\u0443 \u041f\u043e\u043b\u044c\u0449\u0456 \u0432 \u0435\u043a\u043e\u043b\u043e\u0433\u0456\u0447\u043d\u0456\u0439 \u043e\u0441\u0432\u0456\u0442\u0456 \u0444\u0430\u0445\u0456\u0432\u0446\u0456\u0432 \/ \u041d\u0430\u0443\u043a\u043e\u0432\u0438\u0439 \u0432\u0456\u0441\u043d\u0438\u043a \u041d\u0423\u0411\u0456\u041f \u0423\u043a\u0440\u0430\u0457\u043d\u0438 \/ \u0440\u0435\u0434.&nbsp;\u043a\u043e\u043b.&nbsp;: \u041d\u0456\u043a\u043e\u043b\u0430\u0454\u043d\u043a\u043e \u0421.\u041c. (\u0432\u0456\u0434\u043f. \u0440\u0435\u0434.) \u0442\u0430 \u0456\u043d. &ndash; \u041a. : \u0412\u0438\u0434. \u0446\u0435\u043d\u0442\u0440 \u041d\u0423\u0411\u0456\u041f \u0423\u043a\u0440\u0430\u0457\u043d\u0438, 2014. &ndash; (\u0421\u0435\u0440\u0456\u044f &quot;\u041f\u0435\u0434\u0430\u0433\u043e\u0433\u0456\u043a\u0430. \u041f\u0441\u0438\u0445\u043e\u043b\u043e\u0433\u0456\u044f. \u0424\u0456\u043b\u043e\u0441\u043e\u0444\u0456\u044f&quot;). &ndash; \u0412\u0438\u043f. 199. &ndash; \u0427.&nbsp;2. &ndash; \u0421.&nbsp;81&ndash;86.\n\t<\/li>\n<li style=\"text-align: justify;\">\n\t\tDemeshkant N. Environmental awareness of the students of agricultural universities in Poland and Ukraine \/ Western Anatolian Journal of Educational Sciences (WAJES), Dokuz Eylul University Institute, Izmir, Turkey. &ndash; P. 63-68. ISSN 1308-8971. &ndash; (\u041enline : <a href=\"http:\/\/web.deu.edu.tr\/baed\/giris\/baed\/7_5.pdf\">http:\/\/web.deu.edu.tr\/baed\/giris\/baed\/7_5.pdf<\/a>).\n\t<\/li>\n<\/ol>\n","protected":false},"excerpt":{"rendered":"<p>\u041d\u0430\u0442\u0430\u043b\u0456\u044f \u0410\u043d\u0434\u0440\u0456\u0457\u0432\u043d\u0430 \u0414\u0415\u041c\u0415\u0428\u041a\u0410\u041d\u0422 &ndash; \u043f\u0440\u043e\u0444\u0435\u0441\u043e\u0440 \u043a\u0430\u0444\u0435\u0434\u0440\u0438 \u0456\u043d\u043d\u043e\u0432\u0430\u0446\u0456\u0439\u043d\u043e\u0457 \u0434\u0456\u044f\u043b\u044c\u043d\u043e\u0441\u0442\u0456 \u0432 \u0430\u0433\u0440\u043e\u043f\u0440\u043e\u043c\u0438\u0441\u043b\u043e\u0432\u043e\u043c\u0443 \u043a\u043e\u043c\u043f\u043b\u0435\u043a\u0441\u0456 \u041d\u0430\u0446\u0456\u043e\u043d\u0430\u043b\u044c\u043d\u043e\u0433\u043e \u0443\u043d\u0456\u0432\u0435\u0440\u0441\u0438\u0442\u0435\u0442\u0443 \u0431\u0456\u043e\u0440\u0435\u0441\u0443\u0440\u0441\u0456\u0432 \u0456 \u043f\u0440\u0438\u0440\u043e\u0434\u043e\u043a\u043e\u0440\u0438\u0441\u0442\u0443\u0432\u0430\u043d\u043d\u044f \u0423\u043a\u0440\u0430\u0457\u043d\u0438, \u0434\u043e\u043a\u0442\u043e\u0440 \u043f\u0435\u0434\u0430\u0433\u043e\u0433\u0456\u0447\u043d\u0438\u0445 \u043d\u0430\u0443\u043a, \u0434\u043e\u0446\u0435\u043d\u0442. \u041a\u043e\u043b\u043e \u043d\u0430\u0443\u043a\u043e\u0432\u0438\u0445 \u0456\u043d\u0442\u0435\u0440\u0435\u0441\u0456\u0432: \u0435\u043a\u043e\u043b\u043e\u0433\u0456\u0447\u043d\u0430 \u043e\u0441\u0432\u0456\u0442\u0430 \u043c\u0430\u0439\u0431\u0443\u0442\u043d\u0456\u0445 \u0444\u0430\u0445\u0456\u0432\u0446\u0456\u0432 \u0430\u0433\u0440\u0430\u0440\u043d\u043e\u0457 \u0433\u0430\u043b\u0443\u0437\u0456 \u0432 \u0423\u043a\u0440\u0430\u0457\u043d\u0456 \u0442\u0430 \u0437\u0430 \u043a\u043e\u0440\u0434\u043e\u043d\u043e\u043c, \u043f\u0440\u043e\u0444\u0435\u0441\u0456\u0439\u043d\u0438\u0439 \u0440\u043e\u0437\u0432\u0438\u0442\u043e\u043a \u043d\u0430\u0443\u043a\u043e\u0432\u043e-\u043f\u0435\u0434\u0430\u0433\u043e\u0433\u0456\u0447\u043d\u0438\u0445 \u043f\u0440\u0430\u0446\u0456\u0432\u043d\u0438\u043a\u0456\u0432. \u041d\u0430\u0442\u0430\u043b\u0456\u044f \u0410\u043d\u0434\u0440\u0456\u0457\u0432\u043d\u0430 &ndash; \u0430\u0432\u0442\u043e\u0440 \u0442\u0430\u043a\u0438\u0445 \u043f\u0443\u0431\u043b\u0456\u043a\u0430\u0446\u0456\u0439 \u0456 \u0432\u0438\u0434\u0430\u043d\u044c \u0437\u0430 \u043e\u0441\u0442\u0430\u043d\u043d\u0456 5 \u0440\u043e\u043a\u0456\u0432: \u0414\u0435\u043c\u0435\u0448\u043a\u0430\u043d\u0442 \u041d.\u0410. \u0415\u043a\u043e\u043b\u043e\u0433\u0456\u0447\u043d\u0430 \u043e\u0441\u0432\u0456\u0442\u0430 &hellip; <\/p>\n<p><a class=\"more-link btn\" href=\"https:\/\/www.narodnaosvita.kiev.ua\/?page_id=2690\">Continue reading<\/a><\/p>\n","protected":false},"author":2,"featured_media":3248,"parent":228,"menu_order":0,"comment_status":"closed","ping_status":"closed","template":"","meta":{"footnotes":""},"class_list":["post-2690","page","type-page","status-publish","has-post-thumbnail","hentry","nodate","item-wrap"],"_links":{"self":[{"href":"https:\/\/www.narodnaosvita.kiev.ua\/index.php?rest_route=\/wp\/v2\/pages\/2690","targetHints":{"allow":["GET"]}}],"collection":[{"href":"https:\/\/www.narodnaosvita.kiev.ua\/index.php?rest_route=\/wp\/v2\/pages"}],"about":[{"href":"https:\/\/www.narodnaosvita.kiev.ua\/index.php?rest_route=\/wp\/v2\/types\/page"}],"author":[{"embeddable":true,"href":"https:\/\/www.narodnaosvita.kiev.ua\/index.php?rest_route=\/wp\/v2\/users\/2"}],"replies":[{"embeddable":true,"href":"https:\/\/www.narodnaosvita.kiev.ua\/index.php?rest_route=%2Fwp%2Fv2%2Fcomments&post=2690"}],"version-history":[{"count":1,"href":"https:\/\/www.narodnaosvita.kiev.ua\/index.php?rest_route=\/wp\/v2\/pages\/2690\/revisions"}],"predecessor-version":[{"id":4659,"href":"https:\/\/www.narodnaosvita.kiev.ua\/index.php?rest_route=\/wp\/v2\/pages\/2690\/revisions\/4659"}],"up":[{"embeddable":true,"href":"https:\/\/www.narodnaosvita.kiev.ua\/index.php?rest_route=\/wp\/v2\/pages\/228"}],"wp:featuredmedia":[{"embeddable":true,"href":"https:\/\/www.narodnaosvita.kiev.ua\/index.php?rest_route=\/wp\/v2\/media\/3248"}],"wp:attachment":[{"href":"https:\/\/www.narodnaosvita.kiev.ua\/index.php?rest_route=%2Fwp%2Fv2%2Fmedia&parent=2690"}],"curies":[{"name":"wp","href":"https:\/\/api.w.org\/{rel}","templated":true}]}}