{"id":4987,"date":"2017-10-03T07:59:22","date_gmt":"2017-10-03T05:59:22","guid":{"rendered":"http:\/\/www.narodnaosvita.kiev.ua\/?page_id=4987"},"modified":"2019-04-24T08:26:33","modified_gmt":"2019-04-24T06:26:33","slug":"vojtovska-alla-ivanivna","status":"publish","type":"page","link":"https:\/\/www.narodnaosvita.kiev.ua\/?page_id=4987","title":{"rendered":"\u0412\u041e\u0419\u0422\u041e\u0412\u0421\u042c\u041a\u0410 \u0410\u043b\u043b\u0430 \u0406\u0432\u0430\u043d\u0456\u0432\u043d\u0430"},"content":{"rendered":"<p style=\"text-align: justify;\">\n\t<a data-id=\"4989\" href=\"https:\/\/www.narodnaosvita.kiev.ua\/wp-content\/uploads\/2017\/10\/voytovska.jpg\"><img loading=\"lazy\" decoding=\"async\" width=\"150\" height=\"204\" alt=\"voytovska\" class=\"alignnone size-full wp-image-4989\" src=\"https:\/\/www.narodnaosvita.kiev.ua\/wp-content\/uploads\/2017\/10\/voytovska.jpg\" style=\"width: 150px; height: 204px; border-width: 0px; border-style: solid; margin-left: 20px; margin-right: 20px; float: left;\" \/><\/a>\n<\/p>\n<p style=\"text-align: justify;\">\n\t\u0410\u043b\u043b\u0430 \u0406\u0432\u0430\u043d\u0456\u0432\u043d\u0430 \u0412\u043e\u0439\u0442\u043e\u0432\u0441\u044c\u043a\u0430 &ndash; \u0432\u0438\u043a\u043b\u0430\u0434\u0430\u0447 \u043a\u0430\u0444\u0435\u0434\u0440\u0438 \u0441\u043e\u0446\u0456\u0430\u043b\u044c\u043d\u043e\u0457 \u043f\u0435\u0434\u0430\u0433\u043e\u0433\u0456\u043a\u0438 \u0442\u0430 \u0441\u043e\u0446\u0456\u0430\u043b\u044c\u043d\u043e\u0457 \u0440\u043e\u0431\u043e\u0442\u0438, \u0430\u0441\u043f\u0456\u0440\u0430\u043d\u0442 \u0423\u043c\u0430\u043d\u0441\u044c\u043a\u043e\u0433\u043e \u0434\u0435\u0440\u0436\u0430\u0432\u043d\u043e\u0433\u043e \u043f\u0435\u0434\u0430\u0433\u043e\u0433\u0456\u0447\u043d\u043e\u0433\u043e \u0443\u043d\u0456\u0432\u0435\u0440\u0441\u0438\u0442\u0435\u0442\u0443 \u0456\u043c\u0435\u043d\u0456 \u041f\u0430\u0432\u043b\u0430 \u0422\u0438\u0447\u0438\u043d\u0438.\n<\/p>\n<p style=\"text-align: justify;\">\n\t\u041a\u043e\u043b\u043e \u043d\u0430\u0443\u043a\u043e\u0432\u0438\u0445 \u0456\u043d\u0442\u0435\u0440\u0435\u0441\u0456\u0432: \u0433\u0435\u043d\u0434\u0435\u0440\u043d\u0430 \u0441\u043e\u0446\u0456\u0430\u043b\u0456\u0437\u0430\u0446\u0456\u044f \u0441\u0442\u0443\u0434\u0435\u043d\u0442\u0456\u0432 \u0437 \u0456\u043d\u0432\u0430\u043b\u0456\u0434\u043d\u0456\u0441\u0442\u044e.\n<\/p>\n<p style=\"text-align: justify;\">\n\t\u0410\u043b\u043b\u0430 \u0406\u0432\u0430\u043d\u0456\u0432\u043d\u0430 \u0454 \u0430\u0432\u0442\u043e\u0440\u043e\u043c \u0442\u0430 \u0441\u043f\u0456\u0432\u0430\u0432\u0442\u043e\u0440\u043e\u043c \u0442\u0430\u043a\u0438\u0445 \u043f\u0443\u0431\u043b\u0456\u043a\u0430\u0446\u0456\u0439 \u0437\u0430 \u043e\u0441\u0442\u0430\u043d\u043d\u0456 5 \u0440\u043e\u043a\u0456\u0432 (\u043d\u0435 \u0431\u0456\u043b\u044c\u0448\u0435 10).\n<\/p>\n<ol>\n<li style=\"text-align: justify;\">\n\t\t\u0412\u043e\u0439\u0442\u043e\u0432\u0441\u044c\u043a\u0430 \u0410. \u0406. \u041b\u0413\u0411\u0422-\u0441\u043f\u0456\u043b\u044c\u043d\u043e\u0442\u0430 \u0432 \u0423\u043a\u0440\u0430\u0457\u043d\u0456 : \u0440\u0435\u0430\u043b\u0456\u0457&nbsp; \/ \u0410. \u0406. \u0412\u043e\u0439\u0442\u043e\u0432\u0441\u044c\u043a\u0430 \/\/ S\u043e\u0441io\u043f\u0440\u043e\u0441\u0442\u0456\u0440 : \u043c\u0456\u0436\u0434\u0438\u0441\u0446\u0438\u043f\u043b\u0456\u043d\u0430\u0440\u043d\u0438\u0439 \u0435\u043b\u0435\u043a\u0442\u0440\u043e\u043d\u043d\u0438\u0439 \u0437\u0431\u0456\u0440\u043d\u0438\u043a \u043d\u0430\u0443\u043a\u043e\u0432\u0438\u0445 \u043f\u0440\u0430\u0446\u044c \u0437 \u0441\u043e\u0446\u0456\u043e\u043b\u043e\u0433\u0456\u0457 \u0442\u0430 \u0441\u043e\u0446\u0456\u0430\u043b\u044c\u043d\u043e\u0457 \u0440\u043e\u0431\u043e\u0442\u0438. &ndash; 2018.&nbsp; &ndash; \u2116&nbsp;7. &ndash; \u0421. 45&ndash;50. &ndash; \u0420\u0435\u0436\u0438\u043c \u0434\u043e\u0441\u0442\u0443\u043f\u0443 :&nbsp; <a href=\"http:\/\/periodicals.karazin.ua\/socioprostir\/issue\/view\/715\">http:\/\/periodicals.karazin.ua\/socioprostir\/issue\/view\/715<\/a>.\n\t<\/li>\n<li style=\"text-align: justify;\">\n\t\t&nbsp;\u0412\u043e\u0439\u0442\u043e\u0432\u0441\u044c\u043a\u0430 \u0410. \u0406. \u0413\u0435\u043d\u0434\u0435\u0440\u043d\u0430 \u0441\u043e\u0446\u0456\u0430\u043b\u0456\u0437\u0430\u0446\u0456\u044f \u0441\u0442\u0443\u0434\u0435\u043d\u0442\u0456\u0432 \u0437 \u0456\u043d\u0432\u0430\u043b\u0456\u0434\u043d\u0456\u0441\u0442\u044e \u0432 \u0443\u043c\u043e\u0432\u0430\u0445 \u0412\u041d\u0417 &nbsp;\u0443 \u043a\u043e\u043d\u0442\u0435\u043a\u0441\u0442\u0456 \u0441\u0442\u0432\u043e\u0440\u0435\u043d\u043d\u044f \u0433\u0435\u043d\u0434\u0435\u0440\u043d\u043e-\u0447\u0443\u0442\u043b\u0438\u0432\u043e\u0433\u043e \u043e\u0441\u0432\u0456\u0442\u043d\u044c\u043e\u0433\u043e \u0441\u0435\u0440\u0435\u0434\u043e\u0432\u0438\u0449\u0430&nbsp;&nbsp; \/ A\u0142\u0142a WOJTOWSKA \/\/ Rocznik Polsko-Ukrai\u0144ski.&ndash; Wydawnictwo im. Stanis\u0142awa Podobi\u0144skiego Akademii im. Jana D\u0142ugosza w Cz\u0119stochowie. &ndash; &nbsp;Cz\u0119stochowa &ndash; Lw&oacute;w &ndash; Kij&oacute;w. &ndash; &nbsp;2017. &ndash; Tom XIX. &ndash; \u0421. 271&ndash;284.\n\t<\/li>\n<li style=\"text-align: justify;\">\n\t\t\u0412\u043e\u0439\u0442\u043e\u0432\u0441\u044c\u043a\u0430 \u0410.&nbsp;\u0406. \u0413\u0435\u043d\u0434\u0435\u0440\u043d\u0456 \u0430\u0441\u043f\u0435\u043a\u0442\u0438 \u0441\u043e\u0446\u0456\u0430\u043b\u0456\u0437\u0430\u0446\u0456\u0457 \u0441\u0442\u0443\u0434\u0435\u043d\u0442\u0441\u0442\u0432\u0430 \/ \u0410.&nbsp;\u0406.&nbsp;\u0412\u043e\u0439\u0442\u043e\u0432\u0441\u044c\u043a\u0430 \/\/ \u0421\u043e\u0446\u0456\u0430\u043b\u044c\u043d\u0430 \u0440\u043e\u0431\u043e\u0442\u0430 \u0432 \u0423\u043a\u0440\u0430\u0457\u043d\u0456 :&nbsp; \u0442\u0435\u043e\u0440\u0456\u044f \u0456 \u043f\u0440\u0430\u043a\u0442\u0438\u043a\u0430 : \u043d\u0430\u0443\u043a\u043e\u0432\u043e-\u043c\u0435\u0442\u043e\u0434\u0438\u0447\u043d\u0438\u0439 \u0436\u0443\u0440\u043d\u0430\u043b.&nbsp; &ndash; 2017. &ndash; \u2116 1&ndash;2. &ndash; \u0421. 31&ndash;38.\n\t<\/li>\n<li style=\"text-align: justify;\">\n\t\t\u0412\u043e\u0439\u0442\u043e\u0432\u0441\u044c\u043a\u0430 \u0410. \u0406. \u0422\u043e\u043b\u0435\u0440\u0430\u043d\u0442\u043d\u0456\u0441\u0442\u044c&nbsp; \u0456&nbsp; \u0433\u0435\u043d\u0434\u0435\u0440\u043d\u0456&nbsp; \u0441\u0442\u0435\u0440\u0435\u043e\u0442\u0438\u043f\u0438&nbsp; \u0443&nbsp; \u0432\u0456\u0434\u043d\u043e\u0441\u0438\u043d\u0430\u0445&nbsp; \u0441\u0442\u0443\u0434\u0435\u043d\u0442\u0441\u0442\u0432\u0430&nbsp; (\u043d\u0430 \u043f\u0440\u0438\u043a\u043b\u0430\u0434\u0456 \u0423\u0414\u041f\u0423 \u0456\u043c. \u041f\u0430\u0432\u043b\u0430 \u0422\u0438\u0447\u0438\u043d\u0438) \/ \u0410. \u0406. \u0412\u043e\u0439\u0442\u043e\u0432\u0441\u044c\u043a\u0430 \/\/ \u0413\u0435\u043d\u0434\u0435\u0440\u043d\u0430&nbsp; \u043f\u0430\u0440\u0430\u0434\u0438\u0433\u043c\u0430&nbsp; \u043e\u0441\u0432\u0456\u0442\u043d\u044c\u043e\u0433\u043e&nbsp; \u043f\u0440\u043e\u0441\u0442\u043e\u0440\u0443 \/&nbsp; \u0437\u0430 \u0437\u0430\u0433. \u0440\u0435\u0434.&nbsp; \u0414\u043e\u0440\u043e\u043d\u0456\u043d\u043e\u0457 \u0422. \u041e. &ndash;&nbsp; \u041a\u0440\u0438\u0432\u0438\u0439&nbsp; \u0420\u0456\u0433 :&nbsp; \u0412\u0426&nbsp; \u041a\u0414\u041f\u0423, 2017. &ndash; \u0412\u0438\u043f. 5. &ndash; \u0421. 128&ndash;134.\n\t<\/li>\n<li style=\"text-align: justify;\">\n\t\t\u0412\u043e\u0439\u0442\u043e\u0432\u0441\u044c\u043a\u0430 \u0410. \u0406. \u041e\u0441\u043e\u0431\u043b\u0438\u0432\u043e\u0441\u0442\u0456 \u0456\u043d\u043a\u043b\u044e\u0437\u0438\u0432\u043d\u043e\u0433\u043e \u0442\u0443\u0440\u0438\u0437\u043c\u0443 \/ \u0410. \u0406. \u0412\u043e\u0439\u0442\u043e\u0432\u0441\u044c\u043a\u0430 \/\/ \u041d\u0430\u0440\u043e\u0434\u043d\u0430 \u043e\u0441\u0432\u0456\u0442\u0430 : \u0435\u043b\u0435\u043a\u0442\u0440\u043e\u043d\u043d\u0435 \u043d\u0430\u0443\u043a\u043e\u0432\u0435 \u0444\u0430\u0445\u043e\u0432\u0435 \u0432\u0438\u0434\u0430\u043d\u043d\u044f. &ndash; 2017. &ndash; \u21163 (33). &ndash; \u0420\u0435\u0436\u0438\u043c \u0434\u043e\u0441\u0442\u0443\u043f\u0443 : <a href=\"https:\/\/www.narodnaosvita.kiev.ua\/\">https:\/\/www.narodnaosvita.kiev.ua\/<\/a>.\n\t<\/li>\n<li style=\"text-align: justify;\">\n\t\t&nbsp;\u0412\u043e\u0439\u0442\u043e\u0432\u0441\u044c\u043a\u0430 \u0410. \u0406. \u041f\u0440\u0430\u0432\u043e\u0432\u0435 \u0432\u0438\u0445\u043e\u0432\u0430\u043d\u043d\u044f \u0441\u0442\u0443\u0434\u0435\u043d\u0442\u0441\u0442\u0432\u0430 : \u0433\u0435\u043d\u0434\u0435\u0440\u043d\u0438\u0439 \u0430\u0441\u043f\u0435\u043a\u0442 \/ \u0410.&nbsp;\u0406.&nbsp;\u0412\u043e\u0439\u0442\u043e\u0432\u0441\u044c\u043a\u0430 \/\/ \u0417\u0431\u0456\u0440\u043d\u0438\u043a \u043d\u0430\u0443\u043a\u043e\u0432\u0438\u0445 \u043f\u0440\u0430\u0446\u044c \u0425\u0435\u0440\u0441\u043e\u043d\u0441\u044c\u043a\u043e\u0433\u043e \u0434\u0435\u0440\u0436\u0430\u0432\u043d\u043e\u0433\u043e \u0443\u043d\u0456\u0432\u0435\u0440\u0441\u0438\u0442\u0435\u0442\u0443. &ndash;&nbsp; \u0425\u0435\u0440\u0441\u043e\u043d : \u0412\u0438\u0434\u0430\u0432\u043d\u0438\u0447\u0438\u0439 \u0434\u0456\u043c &quot;\u0413\u0435\u043b\u044c\u0432\u0435\u0442\u0438\u043a\u0430&quot;, 2017. &ndash; \u2116&nbsp;75. &ndash; &nbsp;(\u0421\u0435\u0440\u0456\u044f &quot;\u041f\u0435\u0434\u0430\u0433\u043e\u0433\u0456\u0447\u043d\u0456 \u043d\u0430\u0443\u043a\u0438&quot;). &ndash; C. 104&ndash;108.\n\t<\/li>\n<li style=\"text-align: justify;\">\n\t\t\u0412\u043e\u0439\u0442\u043e\u0432\u0441\u044c\u043a\u0430 \u0410. \u0406. \u041f\u0440\u043e\u0431\u043b\u0435\u043c\u0438 \u043d\u0430\u0432\u0447\u0430\u043d\u043d\u044f \u0456 \u0432\u0438\u0445\u043e\u0432\u0430\u043d\u043d\u044f \u0441\u0442\u0443\u0434\u0435\u043d\u0442\u0456\u0432 \u0437 \u0456\u043d\u0432\u0430\u043b\u0456\u0434\u043d\u0456\u0441\u0442\u044e \/ \u0410. \u0406. \u0412\u043e\u0439\u0442\u043e\u0432\u0441\u044c\u043a\u0430&nbsp; \/\/ \u0417\u0431\u0456\u0440\u043d\u0438\u043a \u043d\u0430\u0443\u043a\u043e\u0432\u0438\u0445 \u043f\u0440\u0430\u0446\u044c \u0423\u043c\u0430\u043d\u0441\u044c\u043a\u043e\u0433\u043e \u0434\u0435\u0440\u0436\u0430\u0432\u043d\u043e\u0433\u043e \u043f\u0435\u0434\u0430\u0433\u043e\u0433\u0456\u0447\u043d\u043e\u0433\u043e \u0443\u043d\u0456\u0432\u0435\u0440\u0441\u0438\u0442\u0435\u0442\u0443 \u0456\u043c\u0435\u043d\u0456 \u041f\u0430\u0432\u043b\u0430 \u0422\u0438\u0447\u0438\u043d\u0438 \/ \u0433\u043e\u043b. \u0440\u0435\u0434. : \u041c. \u0422. \u041c\u0430\u0440\u0442\u0438\u043d\u044e\u043a.&nbsp;&nbsp; &ndash; \u0423\u043c\u0430\u043d\u044c : \u0424\u041e\u041f \u0416\u043e\u0432\u0442\u0438\u0439 \u041e. \u041e., 2017. &ndash; \u0412. 1. &ndash; \u0421. 59&ndash;68.\n\t<\/li>\n<li style=\"text-align: justify;\">\n\t\t\u0412\u043e\u0439\u0442\u043e\u0432\u0441\u044c\u043a\u0430 \u0410. \u0406. \u0413\u0435\u043d\u0434\u0435\u0440\u043d\u0438\u0439 \u043f\u0456\u0434\u0445\u0456\u0434 \u0443 \u0441\u043e\u0446\u0456\u0430\u043b\u0456\u0437\u0430\u0446\u0456\u0457 \u0441\u0442\u0443\u0434\u0435\u043d\u0442\u0441\u044c\u043a\u043e\u0457 \u043c\u043e\u043b\u043e\u0434\u0456 \u0437 \u0456\u043d\u0432\u0430\u043b\u0456\u0434\u043d\u0456\u0441\u0442\u044e \u0432 \u043d\u0430\u0432\u0447\u0430\u043b\u044c\u043d\u0438\u0439 \u043f\u0440\u043e\u0446\u0435\u0441 \u0412\u041d\u0417 \/ \u0410. \u0406. \u0412\u043e\u0439\u0442\u043e\u0432\u0441\u044c\u043a\u0430 \/\/ \u041d\u0430\u0443\u043a\u043e\u0432\u0456 \u0437\u0430\u043f\u0438\u0441\u043a\u0438 \/&nbsp; \u0440\u0435\u0434. \u043a\u043e\u043b. : \u0412. \u0424. \u0427\u0435\u0440\u043a\u0430\u0441\u043e\u0432, \u0412. \u0412. \u0420\u0430\u0434\u0443\u043b, \u041d. \u0421. \u0421\u0430\u0432\u0447\u0435\u043d\u043a\u043e \u0442\u0430 \u0456\u043d. &ndash; \u041a\u0440\u043e\u043f\u0438\u0432\u043d\u0438\u0446\u044c\u043a\u0438\u0439 : \u0420\u0412\u0412 \u0426\u0414\u041f\u0423 \u0456\u043c. \u0412. \u0412\u0438\u043d\u043d\u0438\u0447\u0435\u043d\u043a\u0430, 2017. &ndash; \u0412\u0438\u043f. 156. &ndash; (\u0421\u0435\u0440\u0456\u044f &quot;\u041f\u0435\u0434\u0430\u0433\u043e\u0433\u0456\u0447\u043d\u0456 \u043d\u0430\u0443\u043a\u0438&quot;). &ndash; \u0421. 138&ndash;142.\n\t<\/li>\n<li style=\"text-align: justify;\">\n\t\t\u0412\u043e\u0439\u0442\u043e\u0432\u0441\u044c\u043a\u0430 \u0410.&nbsp;\u0406. \u0413\u0435\u043d\u0434\u0435\u0440\u043d\u0456 \u0430\u0441\u043f\u0435\u043a\u0442\u0438 \u0441\u043e\u0446\u0456\u0430\u043b\u0456\u0437\u0430\u0446\u0456\u0457 \u0441\u0442\u0443\u0434\u0435\u043d\u0442\u0441\u0442\u0432\u0430 \/ \u0410.&nbsp;\u0406.&nbsp;\u0412\u043e\u0439\u0442\u043e\u0432\u0441\u044c\u043a\u0430 \/\/ Scientific Papers Social work s education. &ndash; Ternopil-Aberdeen : &quot;VECTOR&quot;, 2017. &ndash; Vol. 4. &ndash; \u2116 1. &ndash; \u0421. 119&ndash;126.\n\t<\/li>\n<\/ol>\n","protected":false},"excerpt":{"rendered":"<p>\u0410\u043b\u043b\u0430 \u0406\u0432\u0430\u043d\u0456\u0432\u043d\u0430 \u0412\u043e\u0439\u0442\u043e\u0432\u0441\u044c\u043a\u0430 &ndash; \u0432\u0438\u043a\u043b\u0430\u0434\u0430\u0447 \u043a\u0430\u0444\u0435\u0434\u0440\u0438 \u0441\u043e\u0446\u0456\u0430\u043b\u044c\u043d\u043e\u0457 \u043f\u0435\u0434\u0430\u0433\u043e\u0433\u0456\u043a\u0438 \u0442\u0430 \u0441\u043e\u0446\u0456\u0430\u043b\u044c\u043d\u043e\u0457 \u0440\u043e\u0431\u043e\u0442\u0438, \u0430\u0441\u043f\u0456\u0440\u0430\u043d\u0442 \u0423\u043c\u0430\u043d\u0441\u044c\u043a\u043e\u0433\u043e \u0434\u0435\u0440\u0436\u0430\u0432\u043d\u043e\u0433\u043e \u043f\u0435\u0434\u0430\u0433\u043e\u0433\u0456\u0447\u043d\u043e\u0433\u043e \u0443\u043d\u0456\u0432\u0435\u0440\u0441\u0438\u0442\u0435\u0442\u0443 \u0456\u043c\u0435\u043d\u0456 \u041f\u0430\u0432\u043b\u0430 \u0422\u0438\u0447\u0438\u043d\u0438. \u041a\u043e\u043b\u043e \u043d\u0430\u0443\u043a\u043e\u0432\u0438\u0445 \u0456\u043d\u0442\u0435\u0440\u0435\u0441\u0456\u0432: \u0433\u0435\u043d\u0434\u0435\u0440\u043d\u0430 \u0441\u043e\u0446\u0456\u0430\u043b\u0456\u0437\u0430\u0446\u0456\u044f \u0441\u0442\u0443\u0434\u0435\u043d\u0442\u0456\u0432 \u0437 \u0456\u043d\u0432\u0430\u043b\u0456\u0434\u043d\u0456\u0441\u0442\u044e. \u0410\u043b\u043b\u0430 \u0406\u0432\u0430\u043d\u0456\u0432\u043d\u0430 \u0454 \u0430\u0432\u0442\u043e\u0440\u043e\u043c \u0442\u0430 \u0441\u043f\u0456\u0432\u0430\u0432\u0442\u043e\u0440\u043e\u043c \u0442\u0430\u043a\u0438\u0445 \u043f\u0443\u0431\u043b\u0456\u043a\u0430\u0446\u0456\u0439 \u0437\u0430 \u043e\u0441\u0442\u0430\u043d\u043d\u0456 5 \u0440\u043e\u043a\u0456\u0432 (\u043d\u0435 \u0431\u0456\u043b\u044c\u0448\u0435 10). \u0412\u043e\u0439\u0442\u043e\u0432\u0441\u044c\u043a\u0430 \u0410. \u0406. \u041b\u0413\u0411\u0422-\u0441\u043f\u0456\u043b\u044c\u043d\u043e\u0442\u0430 \u0432 \u0423\u043a\u0440\u0430\u0457\u043d\u0456 : \u0440\u0435\u0430\u043b\u0456\u0457&nbsp; \/ \u0410. \u0406. \u0412\u043e\u0439\u0442\u043e\u0432\u0441\u044c\u043a\u0430 \/\/ &hellip; <\/p>\n<p><a class=\"more-link btn\" href=\"https:\/\/www.narodnaosvita.kiev.ua\/?page_id=4987\">Continue reading<\/a><\/p>\n","protected":false},"author":2,"featured_media":4989,"parent":224,"menu_order":0,"comment_status":"closed","ping_status":"closed","template":"","meta":{"footnotes":""},"class_list":["post-4987","page","type-page","status-publish","has-post-thumbnail","hentry","nodate","item-wrap"],"_links":{"self":[{"href":"https:\/\/www.narodnaosvita.kiev.ua\/index.php?rest_route=\/wp\/v2\/pages\/4987","targetHints":{"allow":["GET"]}}],"collection":[{"href":"https:\/\/www.narodnaosvita.kiev.ua\/index.php?rest_route=\/wp\/v2\/pages"}],"about":[{"href":"https:\/\/www.narodnaosvita.kiev.ua\/index.php?rest_route=\/wp\/v2\/types\/page"}],"author":[{"embeddable":true,"href":"https:\/\/www.narodnaosvita.kiev.ua\/index.php?rest_route=\/wp\/v2\/users\/2"}],"replies":[{"embeddable":true,"href":"https:\/\/www.narodnaosvita.kiev.ua\/index.php?rest_route=%2Fwp%2Fv2%2Fcomments&post=4987"}],"version-history":[{"count":4,"href":"https:\/\/www.narodnaosvita.kiev.ua\/index.php?rest_route=\/wp\/v2\/pages\/4987\/revisions"}],"predecessor-version":[{"id":5691,"href":"https:\/\/www.narodnaosvita.kiev.ua\/index.php?rest_route=\/wp\/v2\/pages\/4987\/revisions\/5691"}],"up":[{"embeddable":true,"href":"https:\/\/www.narodnaosvita.kiev.ua\/index.php?rest_route=\/wp\/v2\/pages\/224"}],"wp:featuredmedia":[{"embeddable":true,"href":"https:\/\/www.narodnaosvita.kiev.ua\/index.php?rest_route=\/wp\/v2\/media\/4989"}],"wp:attachment":[{"href":"https:\/\/www.narodnaosvita.kiev.ua\/index.php?rest_route=%2Fwp%2Fv2%2Fmedia&parent=4987"}],"curies":[{"name":"wp","href":"https:\/\/api.w.org\/{rel}","templated":true}]}}