{"id":5680,"date":"2019-04-24T08:19:11","date_gmt":"2019-04-24T06:19:11","guid":{"rendered":"http:\/\/www.narodnaosvita.kiev.ua\/?page_id=5680"},"modified":"2019-04-24T08:19:11","modified_gmt":"2019-04-24T06:19:11","slug":"kravchenko-oksana-oleksi%d1%97vna","status":"publish","type":"page","link":"https:\/\/www.narodnaosvita.kiev.ua\/?page_id=5680","title":{"rendered":"\u041a\u0420\u0410\u0412\u0427\u0415\u041d\u041a\u041e \u041e\u043a\u0441\u0430\u043d\u0430 \u041e\u043b\u0435\u043a\u0441\u0456\u0457\u0432\u043d\u0430"},"content":{"rendered":"<p style=\"text-align: justify;\">\n\t<a href=\"https:\/\/www.narodnaosvita.kiev.ua\/wp-content\/uploads\/2019\/04\/kravchenko.jpg\"><img loading=\"lazy\" decoding=\"async\" width=\"150\" height=\"226\" alt=\"\" class=\"alignnone size-full wp-image-5685\" src=\"https:\/\/www.narodnaosvita.kiev.ua\/wp-content\/uploads\/2019\/04\/kravchenko.jpg\" style=\"width: 150px; height: 226px; border-width: 0px; border-style: solid; margin: 10px 20px; float: left;\" \/><\/a>\u041e\u043a\u0441\u0430\u043d\u0430 \u041e\u043b\u0435\u043a\u0441\u0456\u0457\u0432\u043d\u0430 \u041a\u0440\u0430\u0432\u0447\u0435\u043d\u043a\u043e &ndash; \u0434\u0435\u043a\u0430\u043d \u0444\u0430\u043a\u0443\u043b\u044c\u0442\u0435\u0442\u0443 \u0441\u043e\u0446\u0456\u0430\u043b\u044c\u043d\u043e\u0457 \u0442\u0430 \u043f\u0441\u0438\u0445\u043e\u043b\u043e\u0433\u0456\u0447\u043d\u043e\u0457 \u043e\u0441\u0432\u0456\u0442\u0438 \u0423\u043c\u0430\u043d\u0441\u044c\u043a\u043e\u0433\u043e \u0434\u0435\u0440\u0436\u0430\u0432\u043d\u043e\u0433\u043e \u043f\u0435\u0434\u0430\u0433\u043e\u0433\u0456\u0447\u043d\u043e\u0433\u043e \u0443\u043d\u0456\u0432\u0435\u0440\u0441\u0438\u0442\u0435\u0442\u0443 \u0456\u043c\u0435\u043d\u0456 \u041f\u0430\u0432\u043b\u0430 \u0422\u0438\u0447\u0438\u043d\u0438, \u0434\u043e\u0446\u0435\u043d\u0442 \u043a\u0430\u0444\u0435\u0434\u0440\u0438 \u0441\u043e\u0446\u0456\u0430\u043b\u044c\u043d\u043e\u0457 \u043f\u0435\u0434\u0430\u0433\u043e\u0433\u0456\u043a\u0438 \u0442\u0430 \u0441\u043e\u0446\u0456\u0430\u043b\u044c\u043d\u043e\u0457 \u0440\u043e\u0431\u043e\u0442\u0438, \u0434\u043e\u043a\u0442\u043e\u0440 \u043f\u0435\u0434\u0430\u0433\u043e\u0433\u0456\u0447\u043d\u0438\u0445 \u043d\u0430\u0443\u043a.\n<\/p>\n<p style=\"text-align: justify;\">\n\t\u041a\u043e\u043b\u043e \u043d\u0430\u0443\u043a\u043e\u0432\u0438\u0445 \u0456\u043d\u0442\u0435\u0440\u0435\u0441\u0456\u0432 \u0441\u043a\u043b\u0430\u0434\u0430\u044e\u0442\u044c \u0432\u0456\u0442\u0447\u0438\u0437\u043d\u044f\u043d\u0438\u0439 \u0456\u0441\u0442\u043e\u0440\u0438\u043a\u043e-\u043f\u0435\u0434\u0430\u0433\u043e\u0433\u0456\u0447\u043d\u0438\u0439 \u0434\u043e\u0441\u0432\u0456\u0434, \u0433\u0435\u043d\u0434\u0435\u0440\u043d\u0456 \u0434\u043e\u0441\u043b\u0456\u0434\u0436\u0435\u043d\u043d\u044f, \u0441\u043e\u0446\u0456\u0430\u043b\u044c\u043d\u043e-\u043f\u0441\u0438\u0445\u043e\u043b\u043e\u0433\u043e-\u043f\u0435\u0434\u0430\u0433\u043e\u0433\u0456\u0447\u043d\u0430 \u0440\u0435\u0430\u0431\u0456\u043b\u0456\u0442\u0430\u0446\u0456\u044f \u0442\u0430 \u043f\u0456\u0434\u0442\u0440\u0438\u043c\u043a\u0430 \u043e\u0441\u0456\u0431 \u0437 \u043e\u0441\u043e\u0431\u043b\u0438\u0432\u0438\u043c\u0438 \u043f\u043e\u0442\u0440\u0435\u0431\u0430\u043c\u0438, \u0456\u043d\u043d\u043e\u0432\u0430\u0446\u0456\u0439\u043d\u0456 \u0442\u0435\u0445\u043d\u043e\u043b\u043e\u0433\u0456\u0457 \u043f\u0456\u0434\u0433\u043e\u0442\u043e\u0432\u043a\u0438 \u043c\u0430\u0439\u0431\u0443\u0442\u043d\u0456\u0445 \u0441\u043e\u0446\u0456\u0430\u043b\u044c\u043d\u0438\u0445 \u043f\u0440\u0430\u0446\u0456\u0432\u043d\u0438\u043a\u0456\u0432 \u0442\u0430 \u043f\u0441\u0438\u0445\u043e\u043b\u043e\u0433\u0456\u0432.\n<\/p>\n<p style=\"text-align: justify;\">\n\t\u041e\u043a\u0441\u0430\u043d\u0430 \u041e\u043b\u0435\u043a\u0441\u0456\u0457\u0432\u043d\u0430 \u0454 \u0430\u0432\u0442\u043e\u0440\u043e\u043c \u0456 \u0441\u043f\u0456\u0432\u0430\u0432\u0442\u043e\u0440\u043e\u043c \u0442\u0430\u043a\u0438\u0445 \u043f\u0443\u0431\u043b\u0456\u043a\u0430\u0446\u0456\u0439 \u0437\u0430 \u043e\u0441\u0442\u0430\u043d\u043d\u0456 5 \u0440\u043e\u043a\u0456\u0432:\n<\/p>\n<ol>\n<li style=\"text-align: justify;\">\n\t\t\u0412\u0441\u0435\u0443\u043a\u0440\u0430\u0457\u043d\u0441\u044c\u043a\u0438\u0439 \u041f\u0440\u043e\u043b\u0435\u0442\u043a\u0443\u043b\u044c\u0442&nbsp;: \u043e\u0441\u0432\u0456\u0442\u043d\u044c\u043e-\u043f\u0440\u043e\u0441\u0432\u0456\u0442\u043d\u0438\u0446\u044c\u043a\u0430 \u0442\u0430 \u043a\u0443\u043b\u044c\u0442\u0443\u0440\u043e\u0442\u0432\u043e\u0440\u0447\u0430 \u0434\u0456\u044f\u043b\u044c\u043d\u0456\u0441\u0442\u044c (1917&ndash;1932) : \u043c\u043e\u043d\u043e\u0433\u0440\u0430\u0444\u0456\u044f \/ \u041e.\u041e.&nbsp;\u041a\u0440\u0430\u0432\u0447\u0435\u043d\u043a\u043e. &ndash; \u0423\u043c\u0430\u043d\u044c&nbsp;: \u041f\u041f \u0416\u043e\u0432\u0442\u0438\u0439, 2016. &ndash; 386&nbsp;\u0441.\n\t<\/li>\n<li style=\"text-align: justify;\">\n\t\t\u0406\u0441\u0442\u043e\u0440\u0456\u044f \u0441\u043e\u0446\u0456\u0430\u043b\u044c\u043d\u043e\u0457 \u0440\u043e\u0431\u043e\u0442\u0438 : \u043d\u0430\u0432\u0447\u0430\u043b\u044c\u043d\u0438\u0439 \u043f\u043e\u0441\u0456\u0431\u043d\u0438\u043a \/ \u0443\u043a\u043b\u0430\u0434.&nbsp;: \u041e.&nbsp;\u041e.&nbsp;\u041a\u0440\u0430\u0432\u0447\u0435\u043d\u043a\u043e, \u041e.&nbsp;\u041e.&nbsp;\u041c\u0430\u0442\u0440\u043e\u0441. &ndash; \u0423\u043c\u0430\u043d\u044c, 2016. &ndash; 68 \u0441.\n\t<\/li>\n<li style=\"text-align: justify;\">\n\t\t\u0421\u043e\u0446\u0456\u0430\u043b\u044c\u043d\u0435 \u0432\u0438\u0445\u043e\u0432\u0430\u043d\u043d\u044f \u044f\u043a \u043d\u0430\u0443\u043a\u043e\u0432\u0430 \u043a\u0430\u0442\u0435\u0433\u043e\u0440\u0456\u044f \u0441\u043e\u0446\u0456\u0430\u043b\u044c\u043d\u043e\u0457 \u043f\u0435\u0434\u0430\u0433\u043e\u0433\u0456\u043a\u0438 \/\/ Mysl \u0456 praktyka edukacyjna w obliczu zmian cywilizacyjnych. &ndash;Mozliwosci I zagrozenia dla rozwoju czlowieka w perspektywie europejskiej. &ndash; Rzeszow, 2012. &ndash; Tom 2. &ndash; S.&nbsp;320&ndash;328.\n\t<\/li>\n<li style=\"text-align: justify;\">\n\t\t\u041a\u0440\u0430\u0432\u0447\u0435\u043d\u043a\u043e \u041e.&nbsp;\u041e.&nbsp;\u0420\u043e\u043b\u044c \u0421\u0442\u0443\u0434\u0435\u043d\u0442\u0441\u044c\u043a\u043e\u0457 \u0441\u043e\u0446\u0456\u0430\u043b\u044c\u043d\u043e-\u043f\u0441\u0438\u0445\u043e\u043b\u043e\u0433\u0456\u0447\u043d\u043e\u0457 \u0441\u043b\u0443\u0436\u0431\u0438 \u0443 \u043f\u0456\u0434\u0433\u043e\u0442\u043e\u0432\u0446\u0456 \u0444\u0430\u0445\u0456\u0432\u0446\u0456\u0432 \u0441\u043e\u0446\u0456\u0430\u043b\u044c\u043d\u043e\u0457 \u0441\u0444\u0435\u0440\u0438 \/\/ \u0421\u043e\u0446\u0456\u0430\u043b\u044c\u043d\u0430 \u0440\u043e\u0431\u043e\u0442\u0430 \u0432 \u0423\u043a\u0440\u0430\u0457\u043d\u0456 : \u0442\u0435\u043e\u0440\u0456\u044f \u0456 \u043f\u0440\u0430\u043a\u0442\u0438\u043a\u0430 : \u043d\u0430\u0443\u043a.-\u043c\u0435\u0442\u043e\u0434. \u0436\u0443\u0440\u043d. &ndash; \u041a., 2013. &ndash; \u2116 2&ndash;3. &ndash; \u0421. 177&ndash;184.\n\t<\/li>\n<li style=\"text-align: justify;\">\n\t\t\u041a\u0440\u0430\u0432\u0447\u0435\u043d\u043a\u043e \u041e.&nbsp;\u041e.&nbsp;\u0421\u0443\u0447\u0430\u0441\u043d\u0456 \u043f\u0456\u0434\u0445\u043e\u0434\u0438 \u0434\u043e \u0437\u0430\u0431\u0435\u0437\u043f\u0435\u0447\u0435\u043d\u043d\u044f \u043e\u0441\u0432\u0456\u0442\u043d\u044c\u043e\u0457 \u0456\u043d\u0442\u0435\u0433\u0440\u0430\u0446\u0456\u0457 \u0434\u0456\u0442\u0435\u0439 \u0437 \u0430\u0443\u0442\u0438\u0437\u043c\u043e\u043c \/\/ \u0410\u043a\u0442\u0443\u0430\u043b\u044c\u043d\u0456 \u043f\u0440\u043e\u0431\u043b\u0435\u043c\u0438 \u0441\u043e\u0446\u0456\u0430\u043b\u044c\u043d\u043e\u0457 \u0440\u043e\u0431\u043e\u0442\u0438 \u0456 \u043f\u0456\u0434\u0433\u043e\u0442\u043e\u0432\u043a\u0438 \u0444\u0430\u0445\u0456\u0432\u0446\u0456\u0432 : \u0441\u0443\u0447\u0430\u0441\u043d\u0456 \u0442\u0435\u043d\u0434\u0435\u043d\u0446\u0456\u0457 : \u043c\u0430\u0442\u0435\u0440\u0456\u0430\u043b\u0438 \u0434\u043e\u043f\u043e\u0432\u0456\u0434\u0435\u0439 \u0442\u0430 \u043f\u043e\u0432\u0456\u0434\u043e\u043c\u043b\u0435\u043d\u044c \u041c\u0456\u0436\u043d\u0430\u0440\u043e\u0434\u043d\u043e\u0457 \u043d\u0430\u0443\u043a\u043e\u0432\u043e-\u043f\u0440\u0430\u043a\u0442\u0438\u0447\u043d\u043e\u0457 \u043a\u043e\u043d\u0444\u0435\u0440\u0435\u043d\u0446\u0456\u0457 \/ \u0437\u0430 \u0440\u0435\u0434. \u0406.\u0412.&nbsp;\u041a\u043e\u0437\u0443\u0431\u043e\u0432\u0441\u044c\u043a\u043e\u0457. &ndash; \u0423\u0436\u0433\u043e\u0440\u043e\u0434, 2015. &ndash; \u0421. 29&ndash;31.\n\t<\/li>\n<li style=\"text-align: justify;\">\n\t\t\u041a\u0440\u0430\u0432\u0447\u0435\u043d\u043a\u043e&nbsp;\u041e.&nbsp;\u041e.&nbsp;\u0421\u043e\u0446\u0456\u0430\u043b\u044c\u043d\u043e-\u043f\u0441\u0438\u0445\u043e\u043b\u043e\u0433\u0456\u0447\u043d\u0430 \u0440\u0435\u0430\u0431\u0456\u043b\u0456\u0442\u0430\u0446\u0456\u044f \u043b\u044e\u0434\u0435\u0439 \u0437 \u0456\u043d\u0432\u0430\u043b\u0456\u0434\u043d\u0456\u0441\u0442\u044e : \u043c\u043e\u0436\u043b\u0438\u0432\u043e\u0441\u0442\u0456 \u043d\u0430\u0434\u043e\u043c\u043d\u043e\u0457 \u043f\u0440\u0430\u0446\u0456 \/\/ International scientific conference &quot;Modernization of educational system: world trends and national peculiarities&quot; : Conference Proceedings, 23 February. &ndash; Kaunas : Izdevnieciba &quot;Baltija Publishing&quot;, 2018. &ndash; p.p. 107&ndash;110.\n\t<\/li>\n<li style=\"text-align: justify;\">\n\t\t\u041a\u0440\u0430\u0432\u0447\u0435\u043d\u043a\u043e \u041e.&nbsp;\u041e.&nbsp;\u0421\u043e\u0446\u0456\u0430\u043b\u044c\u043d\u043e-\u043f\u0441\u0438\u0445\u043e\u043b\u043e\u0433\u0456\u0447\u043d\u0438\u0439 \u0442\u0435\u0430\u0442\u0440 \u0432 \u0443\u043c\u043e\u0432\u0430\u0445 \u0440\u0435\u0430\u043b\u0456\u0437\u0430\u0446\u0456\u0457 \u0441\u043e\u0446\u0456\u0430\u043b\u044c\u043d\u043e-\u0432\u0438\u0445\u043e\u0432\u043d\u043e\u0457 \u043f\u0440\u0430\u043a\u0442\u0438\u043a\u0438 : \u0437 \u0434\u043e\u0441\u0432\u0456\u0434\u0443 \u0432\u043f\u0440\u043e\u0432\u0430\u0434\u0436\u0435\u043d\u043d\u044f \/\/ \u0406\u043d\u043d\u043e\u0432\u0430\u0446\u0456\u0439\u043d\u0430 \u043f\u0435\u0434\u0430\u0433\u043e\u0433\u0456\u043a\u0430. &ndash; 2018. &ndash; \u0412\u0438\u043f\u0443\u0441\u043a&nbsp;3. &ndash; \u0421. 215&ndash;220.\n\t<\/li>\n<li style=\"text-align: justify;\">\n\t\t\u041a\u0440\u0430\u0432\u0447\u0435\u043d\u043a\u043e \u041e.&nbsp;\u041e.&nbsp;Problematyka wdra\u017cania podej\u015bcia p\u0142ci w procesie szkolenia pracownik&oacute;w spo\u0142ecznych \/\/ \u0406\u043d\u043d\u043e\u0432\u0430\u0442\u0438\u043a\u0430 \u0443 \u0432\u0438\u0445\u043e\u0432\u0430\u043d\u043d\u0456 : \u0437\u0431.&nbsp;\u043d\u0430\u0443\u043a.&nbsp;\u043f\u0440. \/ \u0443\u043f\u043e\u0440\u044f\u0434\u043d. \u041e.&nbsp;\u0411.&nbsp;\u041f\u0435\u0442\u0440\u0435\u043d\u043a\u043e ; \u0440\u0435\u0434.&nbsp;\u043a\u043e\u043b. : \u041e.&nbsp;\u0411.&nbsp;\u041f\u0435\u0442\u0440\u0435\u043d\u043a\u043e, \u0422.&nbsp;\u0421.&nbsp;\u0426\u0456\u043f\u0430\u043d, \u041d.&nbsp;\u041c.&nbsp;\u0413\u0440\u0438\u043d\u044c\u043a\u043e\u0432\u0430 \u0442\u0430 \u0456\u043d. &ndash; \u0420\u0456\u0432\u043d\u0435 : \u0420\u0414\u0413\u0423, 2018. &ndash; \u0412\u0438\u043f.&nbsp;7. &ndash; \u0422\u043e\u043c&nbsp;2. &ndash; \u0421. 17&ndash;25.\n\t<\/li>\n<\/ol>\n","protected":false},"excerpt":{"rendered":"<p>\u041e\u043a\u0441\u0430\u043d\u0430 \u041e\u043b\u0435\u043a\u0441\u0456\u0457\u0432\u043d\u0430 \u041a\u0440\u0430\u0432\u0447\u0435\u043d\u043a\u043e &ndash; \u0434\u0435\u043a\u0430\u043d \u0444\u0430\u043a\u0443\u043b\u044c\u0442\u0435\u0442\u0443 \u0441\u043e\u0446\u0456\u0430\u043b\u044c\u043d\u043e\u0457 \u0442\u0430 \u043f\u0441\u0438\u0445\u043e\u043b\u043e\u0433\u0456\u0447\u043d\u043e\u0457 \u043e\u0441\u0432\u0456\u0442\u0438 \u0423\u043c\u0430\u043d\u0441\u044c\u043a\u043e\u0433\u043e \u0434\u0435\u0440\u0436\u0430\u0432\u043d\u043e\u0433\u043e \u043f\u0435\u0434\u0430\u0433\u043e\u0433\u0456\u0447\u043d\u043e\u0433\u043e \u0443\u043d\u0456\u0432\u0435\u0440\u0441\u0438\u0442\u0435\u0442\u0443 \u0456\u043c\u0435\u043d\u0456 \u041f\u0430\u0432\u043b\u0430 \u0422\u0438\u0447\u0438\u043d\u0438, \u0434\u043e\u0446\u0435\u043d\u0442 \u043a\u0430\u0444\u0435\u0434\u0440\u0438 \u0441\u043e\u0446\u0456\u0430\u043b\u044c\u043d\u043e\u0457 \u043f\u0435\u0434\u0430\u0433\u043e\u0433\u0456\u043a\u0438 \u0442\u0430 \u0441\u043e\u0446\u0456\u0430\u043b\u044c\u043d\u043e\u0457 \u0440\u043e\u0431\u043e\u0442\u0438, \u0434\u043e\u043a\u0442\u043e\u0440 \u043f\u0435\u0434\u0430\u0433\u043e\u0433\u0456\u0447\u043d\u0438\u0445 \u043d\u0430\u0443\u043a. \u041a\u043e\u043b\u043e \u043d\u0430\u0443\u043a\u043e\u0432\u0438\u0445 \u0456\u043d\u0442\u0435\u0440\u0435\u0441\u0456\u0432 \u0441\u043a\u043b\u0430\u0434\u0430\u044e\u0442\u044c \u0432\u0456\u0442\u0447\u0438\u0437\u043d\u044f\u043d\u0438\u0439 \u0456\u0441\u0442\u043e\u0440\u0438\u043a\u043e-\u043f\u0435\u0434\u0430\u0433\u043e\u0433\u0456\u0447\u043d\u0438\u0439 \u0434\u043e\u0441\u0432\u0456\u0434, \u0433\u0435\u043d\u0434\u0435\u0440\u043d\u0456 \u0434\u043e\u0441\u043b\u0456\u0434\u0436\u0435\u043d\u043d\u044f, \u0441\u043e\u0446\u0456\u0430\u043b\u044c\u043d\u043e-\u043f\u0441\u0438\u0445\u043e\u043b\u043e\u0433\u043e-\u043f\u0435\u0434\u0430\u0433\u043e\u0433\u0456\u0447\u043d\u0430 \u0440\u0435\u0430\u0431\u0456\u043b\u0456\u0442\u0430\u0446\u0456\u044f \u0442\u0430 \u043f\u0456\u0434\u0442\u0440\u0438\u043c\u043a\u0430 \u043e\u0441\u0456\u0431 \u0437 \u043e\u0441\u043e\u0431\u043b\u0438\u0432\u0438\u043c\u0438 \u043f\u043e\u0442\u0440\u0435\u0431\u0430\u043c\u0438, \u0456\u043d\u043d\u043e\u0432\u0430\u0446\u0456\u0439\u043d\u0456 \u0442\u0435\u0445\u043d\u043e\u043b\u043e\u0433\u0456\u0457 \u043f\u0456\u0434\u0433\u043e\u0442\u043e\u0432\u043a\u0438 \u043c\u0430\u0439\u0431\u0443\u0442\u043d\u0456\u0445 \u0441\u043e\u0446\u0456\u0430\u043b\u044c\u043d\u0438\u0445 \u043f\u0440\u0430\u0446\u0456\u0432\u043d\u0438\u043a\u0456\u0432 \u0442\u0430 \u043f\u0441\u0438\u0445\u043e\u043b\u043e\u0433\u0456\u0432. \u041e\u043a\u0441\u0430\u043d\u0430 \u041e\u043b\u0435\u043a\u0441\u0456\u0457\u0432\u043d\u0430 \u0454 &hellip; <\/p>\n<p><a class=\"more-link btn\" href=\"https:\/\/www.narodnaosvita.kiev.ua\/?page_id=5680\">Continue reading<\/a><\/p>\n","protected":false},"author":2,"featured_media":5685,"parent":238,"menu_order":0,"comment_status":"closed","ping_status":"closed","template":"","meta":{"footnotes":""},"class_list":["post-5680","page","type-page","status-publish","has-post-thumbnail","hentry","nodate","item-wrap"],"_links":{"self":[{"href":"https:\/\/www.narodnaosvita.kiev.ua\/index.php?rest_route=\/wp\/v2\/pages\/5680","targetHints":{"allow":["GET"]}}],"collection":[{"href":"https:\/\/www.narodnaosvita.kiev.ua\/index.php?rest_route=\/wp\/v2\/pages"}],"about":[{"href":"https:\/\/www.narodnaosvita.kiev.ua\/index.php?rest_route=\/wp\/v2\/types\/page"}],"author":[{"embeddable":true,"href":"https:\/\/www.narodnaosvita.kiev.ua\/index.php?rest_route=\/wp\/v2\/users\/2"}],"replies":[{"embeddable":true,"href":"https:\/\/www.narodnaosvita.kiev.ua\/index.php?rest_route=%2Fwp%2Fv2%2Fcomments&post=5680"}],"version-history":[{"count":1,"href":"https:\/\/www.narodnaosvita.kiev.ua\/index.php?rest_route=\/wp\/v2\/pages\/5680\/revisions"}],"predecessor-version":[{"id":5686,"href":"https:\/\/www.narodnaosvita.kiev.ua\/index.php?rest_route=\/wp\/v2\/pages\/5680\/revisions\/5686"}],"up":[{"embeddable":true,"href":"https:\/\/www.narodnaosvita.kiev.ua\/index.php?rest_route=\/wp\/v2\/pages\/238"}],"wp:featuredmedia":[{"embeddable":true,"href":"https:\/\/www.narodnaosvita.kiev.ua\/index.php?rest_route=\/wp\/v2\/media\/5685"}],"wp:attachment":[{"href":"https:\/\/www.narodnaosvita.kiev.ua\/index.php?rest_route=%2Fwp%2Fv2%2Fmedia&parent=5680"}],"curies":[{"name":"wp","href":"https:\/\/api.w.org\/{rel}","templated":true}]}}